{"id":1159,"date":"2012-06-18T04:19:00","date_gmt":"2012-06-18T04:19:00","guid":{"rendered":"http:\/\/konjeniski-klub-doly.com\/?page_id=1159"},"modified":"2012-06-18T04:19:00","modified_gmt":"2012-06-18T04:19:00","slug":"spletna-sola-konjenistva","status":"publish","type":"page","link":"http:\/\/konjeniski-klub-doly.com\/?page_id=1159","title":{"rendered":"SPLETNA \u0160OLA KONJENI\u0160TVA"},"content":{"rendered":"<p>V sodelovanju z Ran\u010dem Okorn smo za vse nadobudne jaha\u010de oblikovali SPLETNO \u0160OLO KONJENI\u0160TVA. Tudi v \u010dasu karantene, lahko marsikaj naredimo, da izbolj\u0161amo svoje jahanje in se lotimo dela, za katero nam med letom zmanjkuje \u010dasa.<\/p>\n<p>Oglejte si predstavitveni video:&nbsp;video-1585487822<\/p>\n<p>&nbsp;<\/p>\n<p>Spletna \u0161ola konjeni\u0161tva pa je dostopna na:&nbsp;https:\/\/www.ranc-okorn.com\/spletna-sola-konjenistva\/<\/p>\n<p>&nbsp;<\/p>\n<p>VABLJENI!<\/p>\n","protected":false},"excerpt":{"rendered":"<p>V sodelovanju z Ran\u010dem Okorn smo za vse nadobudne jaha\u010de oblikovali SPLETNO \u0160OLO KONJENI\u0160TVA. Tudi v \u010dasu karantene, lahko marsikaj naredimo, da izbolj\u0161amo svoje jahanje in se lotimo dela, za katero nam med letom zmanjkuje&hellip;<\/p>\n","protected":false},"author":1,"featured_media":0,"parent":0,"menu_order":0,"comment_status":"closed","ping_status":"closed","template":"","meta":{"footnotes":""},"class_list":["post-1159","page","type-page","status-publish","hentry"],"_links":{"self":[{"href":"http:\/\/konjeniski-klub-doly.com\/index.php?rest_route=\/wp\/v2\/pages\/1159","targetHints":{"allow":["GET"]}}],"collection":[{"href":"http:\/\/konjeniski-klub-doly.com\/index.php?rest_route=\/wp\/v2\/pages"}],"about":[{"href":"http:\/\/konjeniski-klub-doly.com\/index.php?rest_route=\/wp\/v2\/types\/page"}],"author":[{"embeddable":true,"href":"http:\/\/konjeniski-klub-doly.com\/index.php?rest_route=\/wp\/v2\/users\/1"}],"replies":[{"embeddable":true,"href":"http:\/\/konjeniski-klub-doly.com\/index.php?rest_route=%2Fwp%2Fv2%2Fcomments&post=1159"}],"version-history":[{"count":0,"href":"http:\/\/konjeniski-klub-doly.com\/index.php?rest_route=\/wp\/v2\/pages\/1159\/revisions"}],"wp:attachment":[{"href":"http:\/\/konjeniski-klub-doly.com\/index.php?rest_route=%2Fwp%2Fv2%2Fmedia&parent=1159"}],"curies":[{"name":"wp","href":"https:\/\/api.w.org\/{rel}","templated":true}]}}