{"id":15,"date":"2012-06-18T04:19:00","date_gmt":"2012-06-18T04:19:00","guid":{"rendered":"http:\/\/konjeniski-klub-doly.com\/?page_id=15"},"modified":"2012-06-18T04:19:00","modified_gmt":"2012-06-18T04:19:00","slug":"jahanje","status":"publish","type":"page","link":"http:\/\/konjeniski-klub-doly.com\/?page_id=15","title":{"rendered":"Jahanje"},"content":{"rendered":"<p>Organiziramo te\u010daje jahanja za otroke in odrasle. Te\u010daji potekajo celo leto.<\/p>\n<p>Pri nas u\u010denje poteka nekoliko druga\u010de kot v klasi\u010dnih jahalnih \u0161olah. Na\u0161i konji niso \u0161portni rekvizit temve\u010d na\u0161i partnerji, ki nam pomagajo pri u\u010denju. Nobeden izmed na\u0161h konj ni kovan \u2013 poudarek dajemo \u010dim bolj naravnemu na\u010dinu \u017eivljenja. Tudi na\u0161e u\u010dence u\u010dimo dela s konji na konjem prijazen na\u010din.<\/p>\n<p><strong>Te\u010daji za otroke do 8. leta in za\u010detnike:&nbsp;<\/strong><\/p>\n<p>U\u010dna ura traja 20 min, poteka individualno, da se lahko posvetimo vsakemu posebaj. Program u\u010denja prilagajamo posamezniku, da lahko vsak napreduje z lastnim tempom.<\/p>\n<p><span>Oprema:<\/span> &nbsp;Otroci naj bodo oble\u010deni v dolge hla\u010de, obuti v superge, s seboj pa naj prinesejo \u010delado, ki je lahko tudi kolesarska.<\/p>\n<p><strong>Nadaljevalni te\u010daji (od 8. leta naprej):<\/strong><\/p>\n<p>U\u010dna ura traja 45 min, vklju\u010duje pa tudi pripravo konja na delo. Skupaj ga skrta\u010dimo, osedlamo in nato sprehodimo. Ure so lahko individualne, ali pa potekajo v manj\u0161ih skupinah, ko te\u010dajniki \u017ee obvladajo razne like in se lahko preizkusijo v raznih vajah v paru.<\/p>\n<p><span>Oprema:<\/span> Obvezne so dolge hla\u010de ter primerna obutev \u2013 superge, \u010devlji, ki nimajo gladkega podplata. S seboj prinesite \u010delado, ki je lahko tudi kolesarska.<\/p>\n<p>&nbsp;<\/p>\n","protected":false},"excerpt":{"rendered":"<p>Organiziramo te\u010daje jahanja za otroke in odrasle. Te\u010daji potekajo celo leto. Pri nas u\u010denje poteka nekoliko druga\u010de kot v klasi\u010dnih jahalnih \u0161olah. Na\u0161i konji niso \u0161portni rekvizit temve\u010d na\u0161i partnerji, ki nam pomagajo pri u\u010denju.&hellip;<\/p>\n","protected":false},"author":1,"featured_media":0,"parent":0,"menu_order":0,"comment_status":"closed","ping_status":"closed","template":"","meta":{"footnotes":""},"class_list":["post-15","page","type-page","status-publish","hentry"],"_links":{"self":[{"href":"http:\/\/konjeniski-klub-doly.com\/index.php?rest_route=\/wp\/v2\/pages\/15","targetHints":{"allow":["GET"]}}],"collection":[{"href":"http:\/\/konjeniski-klub-doly.com\/index.php?rest_route=\/wp\/v2\/pages"}],"about":[{"href":"http:\/\/konjeniski-klub-doly.com\/index.php?rest_route=\/wp\/v2\/types\/page"}],"author":[{"embeddable":true,"href":"http:\/\/konjeniski-klub-doly.com\/index.php?rest_route=\/wp\/v2\/users\/1"}],"replies":[{"embeddable":true,"href":"http:\/\/konjeniski-klub-doly.com\/index.php?rest_route=%2Fwp%2Fv2%2Fcomments&post=15"}],"version-history":[{"count":0,"href":"http:\/\/konjeniski-klub-doly.com\/index.php?rest_route=\/wp\/v2\/pages\/15\/revisions"}],"wp:attachment":[{"href":"http:\/\/konjeniski-klub-doly.com\/index.php?rest_route=%2Fwp%2Fv2%2Fmedia&parent=15"}],"curies":[{"name":"wp","href":"https:\/\/api.w.org\/{rel}","templated":true}]}}