{"id":22,"date":"2012-06-18T04:19:00","date_gmt":"2012-06-18T04:19:00","guid":{"rendered":"http:\/\/konjeniski-klub-doly.com\/?page_id=22"},"modified":"2012-06-18T04:19:00","modified_gmt":"2012-06-18T04:19:00","slug":"praznovanje-rojstnih-dni","status":"publish","type":"page","link":"http:\/\/konjeniski-klub-doly.com\/?page_id=22","title":{"rendered":"Praznovanje rojstnih dni"},"content":{"rendered":"<p>\u010ce \u017eelite organizirati rojstni dan za va\u0161ega otroka zunaj, v naravi in v dru\u017ebi \u017eivali, ste na pravi strani. Otroci bodo imeli na voljo za igro razna igrala in veliko prostora za norenje. Seveda boste imeli na voljo tudi zaprt prostor z elektriko, hladilnikom ter vodo. Po \u017eelji boste lahko tudi pekli na \u017earu.<\/p>\n<p>Otrokom bomo predstavili razli\u010dne \u017eivali, vsak pa bo lahko poskusil jahati na\u0161ega prijaznega ponija.<\/p>\n<p><img loading=\"lazy\" decoding=\"async\" class=\"alignnone size-medium\" title=\"igrala in poni\" alt=\"\" src=\"\/wp-content\/uploads\/2012\/06\/DSC00436-300x200.jpg\" width=\"300\" height=\"200\">&nbsp;<img loading=\"lazy\" decoding=\"async\" class=\"alignnone size-medium\" title=\"most s toboganim in \u017erebi\u010dek\" alt=\"\" src=\"\/wp-content\/uploads\/2012\/06\/DSC00438-300x200.jpg\" width=\"300\" height=\"200\"><\/p>\n<p>&nbsp;<\/p>\n<p><img loading=\"lazy\" decoding=\"async\" class=\"alignnone size-medium\" title=\"Chilly varuje 'trdnjavo' ;)\" alt=\"\" src=\"\/wp-content\/uploads\/2012\/06\/DSC00034-300x200.jpg\" width=\"300\" height=\"200\">&nbsp;<img loading=\"lazy\" decoding=\"async\" class=\"alignnone size-medium\" title=\"koko\u0161ke\" alt=\"\" src=\"\/wp-content\/uploads\/2012\/06\/DSC00206-300x200.jpg\" width=\"300\" height=\"200\"><\/p>\n<p>&nbsp;<\/p>\n<p>S klikom na spodnji povezavi si lahko ogledate in natisnete vabila, ki smo jih pripravili za praznovanje rojstnih dni na obeh lokacijah.<\/p>\n<p>VABILO brinje<\/p>\n<p>VABILO zadobrova<\/p>\n","protected":false},"excerpt":{"rendered":"<p>\u010ce \u017eelite organizirati rojstni dan za va\u0161ega otroka zunaj, v naravi in v dru\u017ebi \u017eivali, ste na pravi strani. Otroci bodo imeli na voljo za igro razna igrala in veliko prostora za norenje. Seveda boste&hellip;<\/p>\n","protected":false},"author":1,"featured_media":0,"parent":0,"menu_order":0,"comment_status":"closed","ping_status":"closed","template":"","meta":{"footnotes":""},"class_list":["post-22","page","type-page","status-publish","hentry"],"_links":{"self":[{"href":"http:\/\/konjeniski-klub-doly.com\/index.php?rest_route=\/wp\/v2\/pages\/22","targetHints":{"allow":["GET"]}}],"collection":[{"href":"http:\/\/konjeniski-klub-doly.com\/index.php?rest_route=\/wp\/v2\/pages"}],"about":[{"href":"http:\/\/konjeniski-klub-doly.com\/index.php?rest_route=\/wp\/v2\/types\/page"}],"author":[{"embeddable":true,"href":"http:\/\/konjeniski-klub-doly.com\/index.php?rest_route=\/wp\/v2\/users\/1"}],"replies":[{"embeddable":true,"href":"http:\/\/konjeniski-klub-doly.com\/index.php?rest_route=%2Fwp%2Fv2%2Fcomments&post=22"}],"version-history":[{"count":0,"href":"http:\/\/konjeniski-klub-doly.com\/index.php?rest_route=\/wp\/v2\/pages\/22\/revisions"}],"wp:attachment":[{"href":"http:\/\/konjeniski-klub-doly.com\/index.php?rest_route=%2Fwp%2Fv2%2Fmedia&parent=22"}],"curies":[{"name":"wp","href":"https:\/\/api.w.org\/{rel}","templated":true}]}}