{"id":25,"date":"2012-06-18T04:19:00","date_gmt":"2012-06-18T04:19:00","guid":{"rendered":"http:\/\/konjeniski-klub-doly.com\/?page_id=25"},"modified":"2012-06-18T04:19:00","modified_gmt":"2012-06-18T04:19:00","slug":"pocitniski-tabori","status":"publish","type":"page","link":"http:\/\/konjeniski-klub-doly.com\/?page_id=25","title":{"rendered":"Po\u010ditni\u0161ki tabori"},"content":{"rendered":"<h2>PRVOMAJSKI TABOR<\/h2>\n<h3>Prijave \u017ee potekajo!&nbsp;<\/h3>\n<p><strong>Prijavite se s prijavnico prek elektronske po\u0161te in vpla\u010dilom akontacije, lahko pa nas pokli\u010dete ali obi\u0161\u010dete.&nbsp;<\/strong><\/p>\n<p>Tabor poteka od ponedeljka 30. 4. 2018 do petka 4. 5. 2018 med prvomajskimi po\u010ditnicami.<\/p>\n<p><b>Prihod:<\/b>&nbsp;med 7:00 in 8:00<\/p>\n<p><b>Odhod:<\/b>&nbsp;med 16:00 in 18:00<\/p>\n<p><b>S seboj morajo prinesti:<\/b>&nbsp;dopoldansko malico, opremo za jahanje (primerna obutev \u2013 superge; dolge hla\u010de \u2013 najbolje pajkice ali jahalne hla\u010de, \u010de jih otrok ima; \u010delada), son\u010dna krema, poletna obla\u010dila in obutev, kapa za za\u0161\u010dito pred soncem ter rezervna obla\u010dila.<\/p>\n<p><b>Cena:<\/b>&nbsp;180 eur (za vse otroke, ki imajo pri nas redne mese\u010dne termine, je cena 150 eur).<\/p>\n<h2>POLETNI PO\u010cITNI\u0160KI TABORI<\/h2>\n<h3>Prijave \u017ee potekajo!&nbsp;<\/h3>\n<p><strong>Prijavite se s prijavnico prek elektronske po\u0161te in vpla\u010dilom akontacije, lahko pa nas pokli\u010dete ali obi\u0161\u010dete.&nbsp;<\/strong><\/p>\n<p>Termini so zapisani spodaj. Letos ponujamo tudi raz\u0161irjene tematske programe. Dolo\u010den program se bo izvedel ob zadostnem \u0161tevilu prijav. Mo\u017eno bo, da se bo izvedel le osnovni program, \u010de bo za tematski del premalo prijavljenih otrok (minimalno 6 otrok).&nbsp;<strong>Programi se bodo dolo\u010dali glede na prva povpra\u0161evanja.<\/strong><\/p>\n<p>Ponujamo tudi posebne vikend programe.<\/p>\n<p><b>Prihod:<\/b> med 7:00 in 8:00<\/p>\n<p><b>Odhod:<\/b> med 16:00 in 18:00<\/p>\n<p><b>S seboj morajo prinesti:<\/b>&nbsp;dopoldansko malico, opremo za jahanje (primerna obutev \u2013 superge; dolge hla\u010de \u2013 najbolje pajkice ali jahalne hla\u010de, \u010de jih otrok ima; \u010delada), son\u010dna krema, poletna obla\u010dila in obutev, kapa za za\u0161\u010dito pred soncem ter rezervna obla\u010dila.<\/p>\n<p><b>Cena:<\/b>&nbsp;180 eur (za vse otroke, ki imajo pri nas redne mese\u010dne termine, je cena 150 eur).<\/p>\n<p><strong>TERMINI:<\/strong><\/p>\n<p>26. 6. \u2013 29. 6.<\/p>\n<p>2. 7. \u2013 6. 7.<\/p>\n<p>9. 7. \u2013 13. 7.<\/p>\n<p>16. 7. 20. 7.<\/p>\n<p>20. 8. -24. 8.<\/p>\n<p>27. 8. \u2013 31. 8.<\/p>\n<p><span><strong>&nbsp;OSNOVNI PROGRAM:<\/strong><\/span><\/p>\n<p>Vklju\u010duje u\u010dno uro jahanja, kosilo, popoldansko malico, pija\u010do \u010dez cel dan in ostale dnevne aktivnosti s konji in brez njih. Otroci bodo tekom dneva skrbeli za konje ter druge \u017eivali, spoznavali njihovo vedenje in se nau\u010dili pravilno ravnati z njimi. Seznanili se bodo s pravilnim name\u0161\u010danjem opreme, s pravilno oskrbo in osvojili mnoge druge ve\u0161\u010dine uporabne pri delu z \u017eivalmi. Organizirane bodo tudi raznorazne druge dejavnosti, tematski dnevi povezani s konji, pa tudi druge dru\u017eabne igre, skakanje po trampolinu \u2026 V primeru slabega vremena se bodo aktivnosti nekoliko prilagodile, a bo program kljub temu izpeljan brez te\u017eav. Imamo pokrito jahali\u0161\u010de in velik dnevi prostor.<\/p>\n<p><span><strong>VIKEND PROGRAMI:&nbsp;<\/strong><\/span><\/p>\n<p>(razpored in program bo na voljo v naslednjem mesecu)<\/p>\n<p>&nbsp;<\/p>\n<p>prijavnice poletje<span><strong><br \/><\/strong><\/span><\/p>\n","protected":false},"excerpt":{"rendered":"<p>PRVOMAJSKI TABOR Prijave \u017ee potekajo!&nbsp; Prijavite se s prijavnico prek elektronske po\u0161te in vpla\u010dilom akontacije, lahko pa nas pokli\u010dete ali obi\u0161\u010dete.&nbsp; Tabor poteka od ponedeljka 30. 4. 2018 do petka 4. 5. 2018 med prvomajskimi&hellip;<\/p>\n","protected":false},"author":1,"featured_media":0,"parent":0,"menu_order":0,"comment_status":"closed","ping_status":"closed","template":"","meta":{"footnotes":""},"class_list":["post-25","page","type-page","status-publish","hentry"],"_links":{"self":[{"href":"http:\/\/konjeniski-klub-doly.com\/index.php?rest_route=\/wp\/v2\/pages\/25","targetHints":{"allow":["GET"]}}],"collection":[{"href":"http:\/\/konjeniski-klub-doly.com\/index.php?rest_route=\/wp\/v2\/pages"}],"about":[{"href":"http:\/\/konjeniski-klub-doly.com\/index.php?rest_route=\/wp\/v2\/types\/page"}],"author":[{"embeddable":true,"href":"http:\/\/konjeniski-klub-doly.com\/index.php?rest_route=\/wp\/v2\/users\/1"}],"replies":[{"embeddable":true,"href":"http:\/\/konjeniski-klub-doly.com\/index.php?rest_route=%2Fwp%2Fv2%2Fcomments&post=25"}],"version-history":[{"count":0,"href":"http:\/\/konjeniski-klub-doly.com\/index.php?rest_route=\/wp\/v2\/pages\/25\/revisions"}],"wp:attachment":[{"href":"http:\/\/konjeniski-klub-doly.com\/index.php?rest_route=%2Fwp%2Fv2%2Fmedia&parent=25"}],"curies":[{"name":"wp","href":"https:\/\/api.w.org\/{rel}","templated":true}]}}