{"id":28,"date":"2012-06-18T04:19:00","date_gmt":"2012-06-18T04:19:00","guid":{"rendered":"http:\/\/konjeniski-klub-doly.com\/?page_id=28"},"modified":"2012-06-18T04:19:00","modified_gmt":"2012-06-18T04:19:00","slug":"delavnice","status":"publish","type":"page","link":"http:\/\/konjeniski-klub-doly.com\/?page_id=28","title":{"rendered":"Delavnice"},"content":{"rendered":"<p>\u010ce se ukvarjamo z jahanjem je prav, da vemo kaj vse ta \u0161port prinese za seboj \u2013 za konja je potrebno poskrbeti in mu omogo\u010diti lepo \u017eivljenje, da bo z nami rad sodeloval. Seveda se je za to potrebno nau\u010diti ogromno razli\u010dnih stvari. Delavnice, ki jih organiziramo, so namenjene prav temu, da se otroci nau\u010dijo razli\u010dnih spretnosti, ki so potrebne za dobro oskrbo konja. Za\u010deli bomo z osnovnimi znanji \u2013 kako h konju pristopimo, kak\u0161na je govorica telesa, na kaj moramo biti pozorni pri jahanju, kako in s \u010dim hranimo konje, kako skrbimo za njegovo zdravje in \u0161e mnoge druge.<\/p>\n<p>Okvirni programi delavnic, ki jih prilagajamo glede na udele\u017eence:<\/p>\n<p><strong><span>DELAVNICE O OPREMI<\/span><\/strong><\/p>\n<p><strong>1.&nbsp;&nbsp;&nbsp;&nbsp;&nbsp;<\/strong> <strong>Program \u2013 oprema, ki jo potrebujemo za oskrbo konja<\/strong><\/p>\n<ul>\n<li>Pregledali bomo hlev ter poiskali vso opremo, ki jo potrebujemo za dobro oskrbo.<\/li>\n<li>Ugotovili bomo, zakaj potrebujemo vse te stvari, ter se preizkusili v raznih spretnostih in znanjih, ki jih potrebujemo pri oskrbi.<\/li>\n<li>Nau\u010dili se bomo pravilno voditi konje.<\/li>\n<li>Pogovorili se bomo o razli\u010dnih nastiljih in jih tudi preizkusili (opozorilo za star\u0161e: \u010de ne \u017eelite umazanega avta, prinesite dodatna obla\u010dila!)<\/li>\n<\/ul>\n<p><strong>2.&nbsp;&nbsp;&nbsp;&nbsp;&nbsp;<\/strong> <strong>Program \u2013 oprema, ki jo potrebujemo za delo s konjem<\/strong><\/p>\n<ul>\n<li>Poiskali bomo vso opremo, ki jo potrebujemo za delo s konjem.<\/li>\n<li>Pogovorili se bomo, kdaj in kako uporabimo kak\u0161en kos opreme, ter se jo nau\u010dili namestiti.<\/li>\n<li>Uredili in skrta\u010dili bomo konje.<\/li>\n<li>Spoznali bomo dodatno opremo, ki jo potrebujemo pri razli\u010dnih aktivnostih s konjem.<\/li>\n<\/ul>\n<ol>\n<li><strong>3.&nbsp;&nbsp;&nbsp;&nbsp;&nbsp;<\/strong> <strong>Program \u2013 oprema, ki jo potrebujemo za jahanje<\/strong><\/li>\n<\/ol>\n<ul>\n<li>Spoznali bomo dele opreme in ugotovili, za kaj je pomemben vsak del.<\/li>\n<li>Konje bomo pripravili za sedlanje.<\/li>\n<li>Skupaj bomo zasedlali konje in se pogovorili o posledicah napa\u010dnega sedlanja.<\/li>\n<li>Nau\u010dili se bomo namestiti tudi \u0161\u010ditnike, nau\u0161nike, pravilno zapeti povodce, lon\u017eo \u2026<\/li>\n<\/ul>\n<p><strong>4.&nbsp;&nbsp;&nbsp;&nbsp;&nbsp;<\/strong> <strong>Program \u2013 skrb za opremo, vzdr\u017eevanje<\/strong><\/p>\n<ul>\n<li>Pogovorili se bomo, kako je treba za opremo poskrbeti in se preizkusili v razstavljanju in sestavljanju opreme.<\/li>\n<li>Nau\u010dili se bomo namazati opremo, o\u010distiti podsedelnice in drugo opremo, ki jo potrebujejo na\u0161i konji.<\/li>\n<li>\u010ce bo dovolj toplo, bomo umili tudi konje, ob hladnej\u0161em vremenu pa jih bomo le temejito o\u010distili, da ne bo sve\u017ee o\u010di\u0161\u010dena oprema takoj umazana. <img decoding=\"async\" src=\"\/wp-content\/uploads\/wp-includes\/images\/smilies\/icon_wink.gif\" alt=\";)\" class=\"wp-smiley\"><\/li>\n<li>Konje bomo tudi zasedlali.<\/li>\n<\/ul>\n<p><strong><span>DELAVNICE O PREHRANI<\/span><\/strong><\/p>\n<p>Konji so pri prehrani izredno ob\u010dutljivi, zato je prav, da se nau\u010dimo, kak\u0161na je najustreznej\u0161a prehrana konj.<\/p>\n<p><strong>1. Program:<\/strong><\/p>\n<ul>\n<li>Opazovali bomo konje pri jedi in se pogovorili, kak\u0161no hrano jedo.<\/li>\n<li>Ugotovili bomo, zakaj so tako ob\u010dutljivi pri prehrani.<\/li>\n<li>Skupaj jih bomo nahranili.<\/li>\n<li>Med tem, ko bodo konji zajtrkovali, bomo izvedeli, kaj jedo druge \u017eivali ter nahanili tudi njih.<\/li>\n<li>Preizkusili bomo, kaj vse so pripravljeni konji in ku\u017eki narediti za pribolj\u0161ek.<\/li>\n<li>Konje bomo odpeljali na pa\u0161nik in razmislili, kako se prehranjujejo konji v naravi.<\/li>\n<\/ul>\n<p><strong><span>&nbsp;DELAVNICE O KOPITIH<\/span><\/strong><\/p>\n<p><strong>1.&nbsp;&nbsp;&nbsp;&nbsp;<\/strong> <strong>Program:<\/strong><\/p>\n<ul>\n<li>Spoznali bomo dele telesa pri konju, ter jih primerjali z na\u0161imi.<\/li>\n<li>Podrobneje si bomo ogledali kopito in spoznali njegove sestavne dele.<\/li>\n<li>Izvedeli bomo, kak\u0161na je pravilna oskrba kopit in zakaj je pomembna.<\/li>\n<li>Nau\u010dili se bomo o\u010distiti kopita.<\/li>\n<\/ul>\n<p><strong>2.&nbsp;&nbsp;&nbsp;&nbsp;<\/strong> <strong>Program:<\/strong><\/p>\n<ul>\n<li>O\u010distili bomo kopita.<\/li>\n<li>Pogovorili se bomo, kak\u0161na podlaga je za konja najprimernej\u0161a.<\/li>\n<li>Nau\u010dili se bomo, kdaj in kako kopita namazati.<\/li>\n<li>Opozorili bomo na razpoke ter se nau\u010dili, kaj lahko povzro\u010di majhen kamen\u010dek, ki zaide v kopito.<\/li>\n<\/ul>\n<p><span><strong><span>DELAVNICE O JAHANJU<\/span><\/strong><\/span><\/p>\n<p><strong>1.&nbsp;&nbsp;&nbsp;&nbsp;&nbsp;&nbsp;<\/strong> <strong>Program:<\/strong><\/p>\n<ul>\n<li>Ugotovili bomo, kaj vse potrebujemo za jahanje, osredoto\u010dili se bomo na opremo jaha\u010da.<\/li>\n<li>V\u017eiveli se bomo v vloge konja, jaha\u010da in jahalnega u\u010ditelja in se nau\u010dili izvajati razli\u010dne dresurne like.<\/li>\n<li>Obnovili bomo, kako mora izgledati dr\u017ea na konju in na kaj vse smo pozorni med jahanjem.<\/li>\n<li>Konja bomo vodili in z njim izvajali razli\u010dne dresurne like.<\/li>\n<\/ul>\n<p><strong>2.&nbsp;&nbsp;&nbsp;&nbsp;&nbsp;&nbsp;<\/strong> <strong>Program:<\/strong><\/p>\n<ul>\n<li>Konja bomo uredili in pripravili za nastop.<\/li>\n<li>Pogovorili se bomo o razli\u010dnih na\u010dinih jahanja in se osredoto\u010dili na konju prijazne na\u010dine jahanja.<\/li>\n<li>Ugotovili bomo, kaj je konju med jahanjem prijetno in kaj ne.<\/li>\n<li>Predstavili bomo je\u017eo brez sedla, hkrati pa bomo spoznali, zakaj je sedlo za konja koristno.<\/li>\n<li>Vsak bo poizkusil, kak\u0161en je ob\u010dutek na golem konjskem hrbtu.<\/li>\n<\/ul>\n<p><strong>3.&nbsp;&nbsp;&nbsp;&nbsp;&nbsp;&nbsp;<\/strong> <strong>Program<\/strong><\/p>\n<ul>\n<li>Pogovorili se bomo, kdaj za\u010dnemo konja pripravljati za jahanje, kdaj ga prvi\u010d zajahamo in kako to naredimo.<\/li>\n<li>Nau\u010dili se bomo, kaj je lon\u017eiranje in zakaj lon\u017eiramo konje.<\/li>\n<li>Preizkusili se bomo v lon\u017eiranju.<\/li>\n<\/ul>\n<p><span><strong><span>DELAVNICE O OBNA\u0160ANJU KONJ<\/span><\/strong><\/span><\/p>\n<p><strong>1.&nbsp;&nbsp;&nbsp;&nbsp;<\/strong> <strong>Program \u2013 \u017eivljenje v \u010dredi, govorica telesa<\/strong><\/p>\n<ul>\n<li>Pogovarjali se bomo o tem, kako se konji obna\u0161ajo v \u010dredi.<\/li>\n<li>Opazovali bomo na\u0161e konje in analizirali njihovo obna\u0161anje.<\/li>\n<li>Ugotovili bomo, kateri konj je vodja na\u0161e \u010drede.<\/li>\n<li>Spoznali bomo, kako se konji med seboj sporazumevajo in se bomo sku\u0161ali \u010dim bolje seznaniti in razumeti njihov jezik.<\/li>\n<\/ul>\n<p><strong>2.&nbsp;&nbsp;&nbsp;&nbsp;<\/strong> <strong>Program \u2013 obna\u0161anje \u017erebi\u010dkov, \u017erebcev, kobil, kastratov<\/strong><\/p>\n<ul>\n<li>Skupaj bomo ugotovili, kako in zakaj bi se lahko razlikovali ona\u0161anje med \u017erebi\u010dki, \u017erebci, kobilami in kastrati.<\/li>\n<li>Seznanili se bomo, kako pristopiti do razli\u010dnih konj.<\/li>\n<li>Ukvarjali se bomo s kobilo, \u017erebi\u010dkom in kastratom ter ugotovili, na katere stvari moramo biti \u0161e posebaj pozorni.<\/li>\n<\/ul>\n<p><strong>3.&nbsp;&nbsp;&nbsp;&nbsp;<\/strong> <strong>Program \u2013 konj med jahanjem v mane\u017ei in na terenu + v vpregi<\/strong><\/p>\n<ul>\n<li>Pogovorili se bomo o izku\u0161njah pri jahanju in se nau\u010dili, na katere znake, ki nam jih ka\u017ee konj moramo biti pripravljeni in kako nanje pravilno odreagirati.<\/li>\n<li>Ugotovili bomo, kako zelo se razlikuje je\u017ea v mane\u017ei od je\u017ee na terenu.<\/li>\n<li>Izvedeli bomo, kako se konj obna\u0161a v vpregi in na kaj moramo biti pozorni v tem primeru.<\/li>\n<li>Pripravili bomo konja za terensko je\u017eo ter se pravilno opremili, \u010de bodo razmere dopu\u0161\u010dale, pa bomo naredili tudi krog z vozom.<\/li>\n<\/ul>\n<p><span><strong><span>DELAVNICE O ZDRAVJU IN BOLEZNIH KONJ<\/span><\/strong><\/span><\/p>\n<p><strong>1.&nbsp;&nbsp;&nbsp;&nbsp;<\/strong> <strong>Program \u2013 zdrav konj<\/strong><\/p>\n<ul>\n<li>Izvedeli bomo, kaj so lastnosti zdravega konja.<\/li>\n<li>Ugotavljali bomo, ali tudi zdrav konj potrebuje veterinarja.<\/li>\n<li>Spoznali bomo znake, ki ka\u017eejo, da je s konjem nekaj narobe.<\/li>\n<li>S konjem se bomo ukvarjali na razli\u010dne na\u010dine in se prepri\u010dali, da je zdrav, ne \u0161epa ipd.<\/li>\n<\/ul>\n<p><strong>2.&nbsp;&nbsp;&nbsp;&nbsp;<\/strong> <strong>Program \u2013 prva pomo\u010d<\/strong><\/p>\n<ul>\n<li>Pregledali bomo vsebino kov\u010dka za prvo pomo\u010d in se nau\u010dili, v kak\u0161nih situacijah potrebujemo kateri rekvizit.<\/li>\n<li>Izvedeli bomo, kdaj je potrebno klicati veterinarja in kdaj to ni potrebno.<\/li>\n<li>Opravili bomo pregled konj in se prepri\u010dali, da je z njimi vse v redu.<\/li>\n<li>Nau\u010dili se bomo izmeriti temperaturo.<\/li>\n<\/ul>\n<p><strong>3.&nbsp;&nbsp;&nbsp;&nbsp;<\/strong> <strong>Program \u2013 po\u0161kodbe<\/strong><\/p>\n<ul>\n<li>Spoznali bomo, do kak\u0161nih po\u0161kodb lahko pride pri konju.<\/li>\n<li>Nau\u010dili se bomo, kako ravnati v primeru razli\u010dnih po\u0161kodb.<\/li>\n<li>Izvedeli bomo, kako prepoznavati razli\u010dne te\u017eave ter kako se spoprijeti z njimi.<\/li>\n<li>Konjem bomo hladili noge ter jih tudi povili.<\/li>\n<\/ul>\n<p><strong>4.&nbsp;&nbsp;&nbsp;&nbsp;<\/strong> <strong>Program \u2013 bolezni<\/strong><\/p>\n<ul>\n<li>Seznanili se bomo z najpogostej\u0161imi boleznimi konj in ugotovili, kak\u0161ni so znaki posameznih bolezni.<\/li>\n<li>Pogovorili se bomo, kako bi posamezne bolezni prepre\u010dili ter kako bi ravnali v primeru, da na\u0161 konj zboli.<\/li>\n<li>Vadili bomo, kako ukrepati v primeru kolike, ki je najpogostej\u0161a in ena izmed najbolj nevarnih bolezni konj.<\/li>\n<\/ul>\n<p>&nbsp;<\/p>\n","protected":false},"excerpt":{"rendered":"<p>\u010ce se ukvarjamo z jahanjem je prav, da vemo kaj vse ta \u0161port prinese za seboj \u2013 za konja je potrebno poskrbeti in mu omogo\u010diti lepo \u017eivljenje, da bo z nami rad sodeloval. Seveda se&hellip;<\/p>\n","protected":false},"author":1,"featured_media":0,"parent":0,"menu_order":0,"comment_status":"closed","ping_status":"closed","template":"","meta":{"footnotes":""},"class_list":["post-28","page","type-page","status-publish","hentry"],"_links":{"self":[{"href":"http:\/\/konjeniski-klub-doly.com\/index.php?rest_route=\/wp\/v2\/pages\/28","targetHints":{"allow":["GET"]}}],"collection":[{"href":"http:\/\/konjeniski-klub-doly.com\/index.php?rest_route=\/wp\/v2\/pages"}],"about":[{"href":"http:\/\/konjeniski-klub-doly.com\/index.php?rest_route=\/wp\/v2\/types\/page"}],"author":[{"embeddable":true,"href":"http:\/\/konjeniski-klub-doly.com\/index.php?rest_route=\/wp\/v2\/users\/1"}],"replies":[{"embeddable":true,"href":"http:\/\/konjeniski-klub-doly.com\/index.php?rest_route=%2Fwp%2Fv2%2Fcomments&post=28"}],"version-history":[{"count":0,"href":"http:\/\/konjeniski-klub-doly.com\/index.php?rest_route=\/wp\/v2\/pages\/28\/revisions"}],"wp:attachment":[{"href":"http:\/\/konjeniski-klub-doly.com\/index.php?rest_route=%2Fwp%2Fv2%2Fmedia&parent=28"}],"curies":[{"name":"wp","href":"https:\/\/api.w.org\/{rel}","templated":true}]}}