{"id":32,"date":"2012-06-18T04:19:00","date_gmt":"2012-06-18T04:19:00","guid":{"rendered":"http:\/\/konjeniski-klub-doly.com\/?page_id=32"},"modified":"2012-06-18T04:19:00","modified_gmt":"2012-06-18T04:19:00","slug":"utrinki","status":"publish","type":"page","link":"http:\/\/konjeniski-klub-doly.com\/?page_id=32","title":{"rendered":"Utrinki"},"content":{"rendered":"<h2>Poletje 2014<\/h2>\n<p><em><span>By<\/span> <span>admin<\/span> <span>On<\/span> <span title=\"2014-07-10T15:47:09+0000\">10. Julij 2014<\/span> \u00b7 <span>1 Comment<\/span><\/em><\/p>\n<p>&nbsp;<\/p>\n<p>Tukaj bodo objavljene slike vseh poletnih dogodiv\u0161\u010din. Lako si jih ogledate in se prepri\u010date, da u\u017eivamo vsi dvo in \u0161tirino\u017eci! =D&nbsp;<\/p>\n<p>&nbsp;<\/p>\n<p>Continue Reading <span>\u2192<\/span><\/p>\n<h2>Kon\u010dno pomlad!<\/h2>\n<p><em><span>By<\/span> <span>admin<\/span> <span>On<\/span> <span title=\"2013-04-15T08:45:27+0000\">15. April 2013<\/span> \u00b7 <span>1 Comment<\/span><\/em><\/p>\n<p>Pa smo jo po vsem tem snegu le do\u010dakali \u2026 pomlad imamo! =D Izkoristili smo \u010dudovito sobotno popoldne in se odpravili na prvi pravi spomladanski sprehod \u2026<\/p>\n<p>Continue Reading <span>\u2192<\/span><\/p>\n<h2>Delavnice 14. 4. 2013<\/h2>\n<p><em><span>By<\/span> <span>admin<\/span> <span>On<\/span> <span title=\"2013-04-15T08:35:20+0000\">15. April 2013<\/span> \u00b7 <span>2 Comments<\/span><\/em><\/p>\n<p>Bilo je nekoliko neobi\u010dajno, da je tokratne delavnice spremljalo son\u010dno vreme \u2026 Toda sprememba je bila dobrodo\u0161la in odli\u010dno smo se odrezali, ko smo skupaj uredili konje in se zabavali z njimi.<\/p>\n<p>Continue Reading <span>\u2192<\/span><\/p>\n<h2>Pust! =D<\/h2>\n<p><em><span>By<\/span> <span>admin<\/span> <span>On<\/span> <span title=\"2013-02-12T00:37:44+0000\">12. Februar 2013<\/span> \u00b7 <span>2 Comments<\/span><\/em><\/p>\n<p>Seveda smo zimo preganjali tudi pri nas in v skladu z obi\u010dajem po\u010deli pustne nor\u010dije.<\/p>\n<p>Continue Reading <span>\u2192<\/span><\/p>\n<h2>Sne\u017ene dogodiv\u0161\u010dine<\/h2>\n<p><em><span>By<\/span> <span>admin<\/span> <span>On<\/span> <span title=\"2013-02-11T23:48:27+0000\">11. Februar 2013<\/span> \u00b7 <span>2 Comments<\/span><\/em><\/p>\n<p>Izkoristili smo praznik, sneg, pridne konje in dobro dru\u017ebo ter si vzeli \u010das za smuko (po ravnem ve\u010dinoma, gre pa tudi navzgor \u010de je treba \u2026).<\/p>\n<p>Continue Reading <span>\u2192<\/span><\/p>\n<h2>Delavnice 27. 1. 2013<\/h2>\n<p><em><span>By<\/span> <span>admin<\/span> <span>On<\/span> <span title=\"2013-01-29T01:07:39+0000\">29. Januar 2013<\/span> \u00b7 <span>Leave a Comment<\/span><\/em><\/p>\n<p>&nbsp;<\/p>\n<p>Za nami je bil \u0161e en uspe\u0161enn dan! Vsi smo bili polni energije zaradi lepega son\u010dnega vremena in u\u010denje je potekalo prek zabave tako za nas kot za na\u0161e \u017eivali. Vsi smo se nau\u010dili novih spretnosti in se zabavali ob novih izzivih.<\/p>\n<p>&nbsp;<\/p>\n<p>Continue Reading <span>\u2192<\/span><\/p>\n<h2>Sne\u017ene radosti<\/h2>\n<p><em><span>By<\/span> <span>admin<\/span> <span>On<\/span> <span title=\"2013-01-19T03:09:53+0000\">19. Januar 2013<\/span> \u00b7 <span>1 Comment<\/span><\/em><\/p>\n<p>&nbsp;<\/p>\n<p>Kon\u010dno smo do\u010dakali sneg in na\u0161i \u0161tirino\u017eni pobalini na njem neskon\u010dno u\u017eivajo!<\/p>\n<p>Continue Reading <span>\u2192<\/span><\/p>\n<h2>NAJLEP\u0160E BO\u017dI\u010cNO DARILO JE \u2026 DUMBO!<\/h2>\n<p><em><span>By<\/span> <span>admin<\/span> <span>On<\/span> <span title=\"2012-12-26T23:06:57+0000\">26. December 2012<\/span> \u00b7 <span>Leave a Comment<\/span><\/em><\/p>\n<p>24. 12.&nbsp;nas je \u017ee navsezgodaj pri\u010dakalo presene\u010denje \u2013 razposajen, drobcen, z dolgimi nogami in navihanimi u\u010dki se je po izpustu \u017ee podil Dumbo \u2013 \u017erebi\u010dek na\u0161e Doenje.<\/p>\n<p>&nbsp;<\/p>\n<p>Continue Reading <span>\u2192<\/span><\/p>\n<h2>Bo\u017ei\u010dne delavnice 23. 12. 2012<\/h2>\n<p><em><span>By<\/span> <span>admin<\/span> <span>On<\/span> <span title=\"2012-12-24T00:58:40+0000\">24. December 2012<\/span> \u00b7 <span>Leave a Comment<\/span><\/em><\/p>\n<p>Skupaj z na\u0161imi konji\u010dki smo do\u017eiveli prazni\u010dno vzdu\u0161je kljub prav ni\u010d zimskemu vremenu. Poleg novega znanja smo se zabavali z na\u0161imi kosmatinci, jih oblekli v bo\u017ei\u010dno opremo, se posladkali, iskali in odvijali darila.<\/p>\n<p>Continue Reading <span>\u2192<\/span><\/p>\n<h2>Delavnice 25. 11. 2012<\/h2>\n<p><em><span>By<\/span> <span>admin<\/span> <span>On<\/span> <span title=\"2012-11-27T02:45:34+0000\">27. November 2012<\/span> \u00b7 <span>1 Comment<\/span><\/em><\/p>\n<p>Po prakti\u010dnem prikazu Sare in Johna smo se tudi sami preizkusili v raznih aktivnostih z na\u0161imi konji\u010di. Nau\u010dili smo se ogromno novih stvari, se zabavali in spoznavali na\u010dine dela z razli\u010dnimi konji.<\/p>\n<p>Continue Reading <span>\u2192<\/span><\/p>\n","protected":false},"excerpt":{"rendered":"<p>Poletje 2014 By admin On 10. Julij 2014 \u00b7 1 Comment &nbsp; Tukaj bodo objavljene slike vseh poletnih dogodiv\u0161\u010din. Lako si jih ogledate in se prepri\u010date, da u\u017eivamo vsi dvo in \u0161tirino\u017eci! =D&nbsp; &nbsp; Continue&hellip;<\/p>\n","protected":false},"author":1,"featured_media":0,"parent":0,"menu_order":0,"comment_status":"closed","ping_status":"closed","template":"","meta":{"footnotes":""},"class_list":["post-32","page","type-page","status-publish","hentry"],"_links":{"self":[{"href":"http:\/\/konjeniski-klub-doly.com\/index.php?rest_route=\/wp\/v2\/pages\/32","targetHints":{"allow":["GET"]}}],"collection":[{"href":"http:\/\/konjeniski-klub-doly.com\/index.php?rest_route=\/wp\/v2\/pages"}],"about":[{"href":"http:\/\/konjeniski-klub-doly.com\/index.php?rest_route=\/wp\/v2\/types\/page"}],"author":[{"embeddable":true,"href":"http:\/\/konjeniski-klub-doly.com\/index.php?rest_route=\/wp\/v2\/users\/1"}],"replies":[{"embeddable":true,"href":"http:\/\/konjeniski-klub-doly.com\/index.php?rest_route=%2Fwp%2Fv2%2Fcomments&post=32"}],"version-history":[{"count":0,"href":"http:\/\/konjeniski-klub-doly.com\/index.php?rest_route=\/wp\/v2\/pages\/32\/revisions"}],"wp:attachment":[{"href":"http:\/\/konjeniski-klub-doly.com\/index.php?rest_route=%2Fwp%2Fv2%2Fmedia&parent=32"}],"curies":[{"name":"wp","href":"https:\/\/api.w.org\/{rel}","templated":true}]}}