{"id":36,"date":"2012-06-18T04:19:00","date_gmt":"2012-06-18T04:19:00","guid":{"rendered":"http:\/\/konjeniski-klub-doly.com\/?page_id=36"},"modified":"2012-06-18T04:19:00","modified_gmt":"2012-06-18T04:19:00","slug":"kontakt","status":"publish","type":"page","link":"http:\/\/konjeniski-klub-doly.com\/?page_id=36","title":{"rendered":"Kontakt"},"content":{"rendered":"<p>Telefon:<\/p>\n<p><strong>041 596 613 (IZO \u2013 vodja dejavnosti)<\/strong><\/p>\n<p><strong>031 216 438 (\u017dIVA \u2013 in\u0161truktor jahanja)<\/strong><\/p>\n<p>Mail:&nbsp;<strong>&nbsp;konjeniski.klub.doly@gmail.com<\/strong><\/p>\n<p><span>Podatki za nakazilo:<\/span><\/p>\n<ul>\n<li>NAZIV: <strong>Konjeni\u0161ki klub Doly<\/strong><\/li>\n<li>TRR: <strong>SI56 0201 2025 9962 487<\/strong><\/li>\n<li>Naslov: <strong>Ka\u0161eljska cesta 31, 1000 Ljubljana<\/strong><\/li>\n<li>Banka: <strong>NLB d.d.&nbsp;<\/strong><\/li>\n<\/ul>\n<p>&nbsp;<\/p>\n<p><strong><span>LOKACIJA V ZADOBROVI<\/span><\/strong><\/p>\n<p>Naslov:&nbsp;<strong>nasproti hi\u0161e Cesta v Zaj\u010djo Dobravo 7A, pri cerkvi Sv. Toma\u017ea v Zadobrovi, Ljubljana<\/strong><\/p>\n<p>V Zadobrovi potekajo le nekatere aktivnosti (rojstni dnevi, delavnice). \u0160ola jahanja je locirana v BRINJU.<\/p>\n<p><img loading=\"lazy\" decoding=\"async\" class=\"alignnone size-medium\" title=\"tobogan na igri\u0161\u010du v Zadobrovi\" alt=\"\" src=\"\/wp-content\/uploads\/2012\/06\/DSC004381-300x200.jpg\" width=\"300\" height=\"200\"><\/p>\n<p><span>Navodila za pot:<\/span><\/p>\n<p>\u010ce prihajate <strong>po obvoznici<\/strong> izberite izvoz Ljubljana \u2013 Zadobrova, Sneberje. Vozite v smeri Zadobrova in na drugem semaforiziranem kri\u017ei\u0161\u010du zavijete levo. Za gasilskim domom zavijte v prvo ulico desno in pot nadaljujete do cerkvice na levi. Takoj za njo zavijete levo in \u017ee nas boste opazili na desni strani.<\/p>\n<p>\u010ce prihajate <strong>iz centra Ljubljane<\/strong>, vozite po Zalo\u0161ki ulici do velike cerkve z dvema zvonikoma v Polju. V kri\u017ei\u0161\u010du takoj pred njo zavijete levo in nadaljujete pot naravnost do kon\u010dne postaje avtobusa 25. Nasproti postaje zavijete v ozko ulico, na Son\u010dno pot. Vozite naravnost do kozolca, kjer zavijete levo. Pred cerkvico, ki jo boste opazili spredaj, zavijete desno in prvi objekt na desni strani je va\u0161a kon\u010dna destinacija.<\/p>\n<p>&nbsp;<\/p>\n<p><em><strong><span>LOKACIJA V BRINJU<\/span><\/strong><\/em><\/p>\n<p>V Brinju poteka \u0161ola jahanja, praznovanje rojstnih dni, delavnice, poletni tabori ter vo\u017enja s ko\u010dijo, ki je v Zadobrovi nimamo.<\/p>\n<p><img loading=\"lazy\" decoding=\"async\" class=\"alignnone size-medium\" title=\"vo\u017enja s ko\u010dijo\" alt=\"\" src=\"\/wp-content\/uploads\/2012\/06\/IMG_6154-300x200.jpg\" width=\"300\" height=\"200\"><\/p>\n<p><span>Navodila za pot:<\/span><\/p>\n<p><span>\u010ce prihajate <strong>po obvoznici<\/strong> izberite izvoz Ljubljana \u2013 Zadobrova, Sneberje. Vozite v smeri Dom\u017eal in na naslednjem kri\u017ei\u0161\u010du nadaljujete v pot desno, \u0161e naprej v smeri proti Dom\u017ealam. Prevozite most \u010dez Savo in za njim zavijete prvo ulico desno, nasproti gostilne Bocaccio. Dr\u017eite se prednostne ceste in tik pred tablo Brinje zavijte ostro desno po klancu navzdol. Takoj ko se spustite, zavijte levo in nato nadaljujte pot naravnost po utrjeni makadamski poti med drevesi. Iz te poti boste &nbsp;na levi \u017ee zagledali na\u0161 hlev\u010dek.<\/span><\/p>\n<p>\u010ce prihajate <strong>iz centra Ljubljane<\/strong> vozite po \u0160martinski cesti \u0161e naprej naravnost mimo BTC-ja ter mimo vseh izvozov na ljubljansko obvoznico. Pot nadaljujete naravnost, dokler ne naletite na semaforizirano kri\u017ei\u0161\u010de, kjer lahko zavijete na obvoznico, ali pa nadaljujete smer naravnost proti Dom\u017ealam. Izberete smer Dom\u017eale, prevozite most \u010dez Savo&nbsp;in za njim zavijete prvo ulico desno, nasproti gostilne Bocaccio. Dr\u017eite se prednostne ceste in tik pred tablo Brinje zavijte ostro desno po klancu navzdol. Takoj ko se spustite, zavijte levo in nato nadaljujte pot naravnost po utrjeni makadamski poti med drevesi. Iz te poti boste na levi \u017ee zagledali na\u0161 hlev\u010dek.<\/p>\n","protected":false},"excerpt":{"rendered":"<p>Telefon: 041 596 613 (IZO \u2013 vodja dejavnosti) 031 216 438 (\u017dIVA \u2013 in\u0161truktor jahanja) Mail:&nbsp;&nbsp;konjeniski.klub.doly@gmail.com Podatki za nakazilo: NAZIV: Konjeni\u0161ki klub Doly TRR: SI56 0201 2025 9962 487 Naslov: Ka\u0161eljska cesta 31, 1000 Ljubljana&hellip;<\/p>\n","protected":false},"author":1,"featured_media":0,"parent":0,"menu_order":0,"comment_status":"closed","ping_status":"closed","template":"","meta":{"footnotes":""},"class_list":["post-36","page","type-page","status-publish","hentry"],"_links":{"self":[{"href":"http:\/\/konjeniski-klub-doly.com\/index.php?rest_route=\/wp\/v2\/pages\/36","targetHints":{"allow":["GET"]}}],"collection":[{"href":"http:\/\/konjeniski-klub-doly.com\/index.php?rest_route=\/wp\/v2\/pages"}],"about":[{"href":"http:\/\/konjeniski-klub-doly.com\/index.php?rest_route=\/wp\/v2\/types\/page"}],"author":[{"embeddable":true,"href":"http:\/\/konjeniski-klub-doly.com\/index.php?rest_route=\/wp\/v2\/users\/1"}],"replies":[{"embeddable":true,"href":"http:\/\/konjeniski-klub-doly.com\/index.php?rest_route=%2Fwp%2Fv2%2Fcomments&post=36"}],"version-history":[{"count":0,"href":"http:\/\/konjeniski-klub-doly.com\/index.php?rest_route=\/wp\/v2\/pages\/36\/revisions"}],"wp:attachment":[{"href":"http:\/\/konjeniski-klub-doly.com\/index.php?rest_route=%2Fwp%2Fv2%2Fmedia&parent=36"}],"curies":[{"name":"wp","href":"https:\/\/api.w.org\/{rel}","templated":true}]}}